{"id":598,"date":"2023-12-21T11:33:21","date_gmt":"2023-12-21T17:33:21","guid":{"rendered":"https:\/\/dari-o.mx\/rusconi\/?page_id=598"},"modified":"2024-05-13T13:45:55","modified_gmt":"2024-05-13T19:45:55","slug":"aviso-de-privacidad","status":"publish","type":"page","link":"https:\/\/rusconi.law\/en\/aviso-de-privacidad\/","title":{"rendered":"Privacy Notice"},"content":{"rendered":"<div data-elementor-type=\"wp-page\" data-elementor-id=\"598\" class=\"elementor elementor-598\" data-elementor-post-type=\"page\">\n\t\t\t\t\t\t<section class=\"elementor-section elementor-top-section elementor-element elementor-element-590c0e97 elementor-section-boxed elementor-section-height-default elementor-section-height-default\" data-id=\"590c0e97\" data-element_type=\"section\">\n\t\t\t\t\t\t<div class=\"elementor-container elementor-column-gap-default\">\n\t\t\t\t\t<div class=\"elementor-column elementor-col-100 elementor-top-column elementor-element elementor-element-7eaf8d78\" data-id=\"7eaf8d78\" data-element_type=\"column\">\n\t\t\t<div class=\"elementor-widget-wrap elementor-element-populated\">\n\t\t\t\t\t\t<div class=\"elementor-element elementor-element-1d27acff elementor-widget elementor-widget-text-editor\" data-id=\"1d27acff\" data-element_type=\"widget\" data-no-translation=\"\" data-widget_type=\"text-editor.default\">\n\t\t\t\t<div class=\"elementor-widget-container\">\n\t\t\t<style>.elementor-element-1d27acff{display:none !important}<\/style>\t\t<\/div>\n\t\t\t\t<\/div>\n\t\t\t\t<div class=\"elementor-element elementor-element-4687f30 elementor-widget elementor-widget-text-editor\" data-id=\"4687f30\" data-element_type=\"widget\" data-no-translation=\"\" data-widget_type=\"text-editor.default\">\n\t\t\t\t<div class=\"elementor-widget-container\">\n\t\t\t\t\t\t\t<p>Rusconi &amp; Sauza, S.C., located at Y\u00e1catas number 215, colonia Narvarte Poniente, Benito Ju\u00e1rez borough, postal code 03020, in Mexico City, is responsible for collecting your personal data, as well as the use and protection of said data.<\/p>\n<p>Your personal information will be used to provide the legal, fiscal, accounting, and administrative services you have requested, to inform you about changes to these services, and to evaluate the quality of service we provide. For the aforementioned purposes, we require the following personal data: Name, address, telephone numbers, email, which are considered sensitive according to the Federal Law on Protection of Personal Data Held by Private Parties. The personal data provided to us will only be made known to third parties when the nature of the legal services contracted so requires.<\/p>\n<p>Additionally, you are informed that all documents provided to us, even originals, will be safeguarded by Rusconi &amp; Sauza, S.C. for a period of only five years, after which they will be destroyed without any liability on our part. Therefore, if you require any document that has been provided to us, you must request it in writing before the five-year term expires after the moment it was delivered to us.<\/p>\n<p>For such purposes, it is necessary that you indicate in writing your wish to access, rectify or cancel your personal data, as well as to oppose the processing of them or revoke the consent that you have granted us for this purpose. Such writing may be presented at the address indicated above.<\/p>\n<p>Any modifications to this privacy notice can be consulted at www.rusconi.law\/privacy. Date of the last update: June 9, 2020.<\/p>\t\t\t\t\t\t<\/div>\n\t\t\t\t<\/div>\n\t\t\t\t\t<\/div>\n\t\t<\/div>\n\t\t\t\t\t<\/div>\n\t\t<\/section>\n\t\t\t\t<\/div>","protected":false},"excerpt":{"rendered":"<p>Rusconi &amp; Sauza, S.C., con domicilio en Y\u00e1catas n\u00famero 215, colonia Narvarte Poniente, alcald\u00eda Benito Ju\u00e1rez, c\u00f3digo postal 03020, en la Ciudad de M\u00e9xico, es responsable de recabar sus datos personales as\u00ed como del uso que se le d\u00e9 a los mismos y de su protecci\u00f3n. Su informaci\u00f3n personal ser\u00e1 utilizada para proveer los servicios [&hellip;]<\/p>","protected":false},"author":1,"featured_media":0,"parent":0,"menu_order":0,"comment_status":"closed","ping_status":"closed","template":"","meta":{"_acf_changed":false,"site-sidebar-layout":"default","site-content-layout":"","ast-site-content-layout":"default","site-content-style":"default","site-sidebar-style":"default","ast-global-header-display":"","ast-banner-title-visibility":"","ast-main-header-display":"","ast-hfb-above-header-display":"","ast-hfb-below-header-display":"","ast-hfb-mobile-header-display":"","site-post-title":"","ast-breadcrumbs-content":"","ast-featured-img":"","footer-sml-layout":"","theme-transparent-header-meta":"","adv-header-id-meta":"","stick-header-meta":"","header-above-stick-meta":"","header-main-stick-meta":"","header-below-stick-meta":"","astra-migrate-meta-layouts":"default","ast-page-background-enabled":"default","ast-page-background-meta":{"desktop":{"background-color":"var(--ast-global-color-4)","background-image":"","background-repeat":"repeat","background-position":"center center","background-size":"auto","background-attachment":"scroll","background-type":"","background-media":"","overlay-type":"","overlay-color":"","overlay-opacity":"","overlay-gradient":""},"tablet":{"background-color":"","background-image":"","background-repeat":"repeat","background-position":"center center","background-size":"auto","background-attachment":"scroll","background-type":"","background-media":"","overlay-type":"","overlay-color":"","overlay-opacity":"","overlay-gradient":""},"mobile":{"background-color":"","background-image":"","background-repeat":"repeat","background-position":"center center","background-size":"auto","background-attachment":"scroll","background-type":"","background-media":"","overlay-type":"","overlay-color":"","overlay-opacity":"","overlay-gradient":""}},"ast-content-background-meta":{"desktop":{"background-color":"var(--ast-global-color-5)","background-image":"","background-repeat":"repeat","background-position":"center center","background-size":"auto","background-attachment":"scroll","background-type":"","background-media":"","overlay-type":"","overlay-color":"","overlay-opacity":"","overlay-gradient":""},"tablet":{"background-color":"var(--ast-global-color-5)","background-image":"","background-repeat":"repeat","background-position":"center center","background-size":"auto","background-attachment":"scroll","background-type":"","background-media":"","overlay-type":"","overlay-color":"","overlay-opacity":"","overlay-gradient":""},"mobile":{"background-color":"var(--ast-global-color-5)","background-image":"","background-repeat":"repeat","background-position":"center center","background-size":"auto","background-attachment":"scroll","background-type":"","background-media":"","overlay-type":"","overlay-color":"","overlay-opacity":"","overlay-gradient":""}},"_joinchat":[],"footnotes":""},"class_list":["post-598","page","type-page","status-publish","hentry"],"acf":[],"yoast_head":"<!-- This site is optimized with the Yoast SEO plugin v25.6 - https:\/\/yoast.com\/wordpress\/plugins\/seo\/ -->\n<title>Aviso de privacidad - RUSCONI &amp; SAUZA Abogados<\/title>\n<meta name=\"robots\" content=\"index, follow, max-snippet:-1, max-image-preview:large, max-video-preview:-1\" \/>\n<link rel=\"canonical\" href=\"https:\/\/rusconi.law\/en\/aviso-de-privacidad\/\" \/>\n<meta property=\"og:locale\" content=\"en_US\" \/>\n<meta property=\"og:type\" content=\"article\" \/>\n<meta property=\"og:title\" content=\"Aviso de privacidad - RUSCONI &amp; SAUZA Abogados\" \/>\n<meta property=\"og:description\" content=\"Rusconi &amp; Sauza, S.C., con domicilio en Y\u00e1catas n\u00famero 215, colonia Narvarte Poniente, alcald\u00eda Benito Ju\u00e1rez, c\u00f3digo postal 03020, en la Ciudad de M\u00e9xico, es responsable de recabar sus datos personales as\u00ed como del uso que se le d\u00e9 a los mismos y de su protecci\u00f3n. Su informaci\u00f3n personal ser\u00e1 utilizada para proveer los servicios [&hellip;]\" \/>\n<meta property=\"og:url\" content=\"https:\/\/rusconi.law\/en\/aviso-de-privacidad\/\" \/>\n<meta property=\"og:site_name\" content=\"RUSCONI &amp; SAUZA Abogados\" \/>\n<meta property=\"article:publisher\" content=\"https:\/\/www.facebook.com\/profile.php?id=100063535032241\" \/>\n<meta property=\"article:modified_time\" content=\"2024-05-13T19:45:55+00:00\" \/>\n<meta name=\"twitter:card\" content=\"summary_large_image\" \/>\n<meta name=\"twitter:label1\" content=\"Est. reading time\" \/>\n\t<meta name=\"twitter:data1\" content=\"3 minutes\" \/>\n<script type=\"application\/ld+json\" class=\"yoast-schema-graph\">{\"@context\":\"https:\/\/schema.org\",\"@graph\":[{\"@type\":\"WebPage\",\"@id\":\"https:\/\/rusconi.law\/aviso-de-privacidad\/\",\"url\":\"https:\/\/rusconi.law\/aviso-de-privacidad\/\",\"name\":\"Aviso de privacidad - RUSCONI &amp; SAUZA Abogados\",\"isPartOf\":{\"@id\":\"http:\/\/rusconi.law\/en\/#website\"},\"datePublished\":\"2023-12-21T17:33:21+00:00\",\"dateModified\":\"2024-05-13T19:45:55+00:00\",\"breadcrumb\":{\"@id\":\"https:\/\/rusconi.law\/aviso-de-privacidad\/#breadcrumb\"},\"inLanguage\":\"en-US\",\"potentialAction\":[{\"@type\":\"ReadAction\",\"target\":[\"https:\/\/rusconi.law\/aviso-de-privacidad\/\"]}]},{\"@type\":\"BreadcrumbList\",\"@id\":\"https:\/\/rusconi.law\/aviso-de-privacidad\/#breadcrumb\",\"itemListElement\":[{\"@type\":\"ListItem\",\"position\":1,\"name\":\"Portada\",\"item\":\"https:\/\/rusconi.law\/\"},{\"@type\":\"ListItem\",\"position\":2,\"name\":\"Aviso de privacidad\"}]},{\"@type\":\"WebSite\",\"@id\":\"http:\/\/rusconi.law\/en\/#website\",\"url\":\"http:\/\/rusconi.law\/en\/\",\"name\":\"RUSCONI & SAUZA Abogados\",\"description\":\"\",\"publisher\":{\"@id\":\"http:\/\/rusconi.law\/en\/#organization\"},\"potentialAction\":[{\"@type\":\"SearchAction\",\"target\":{\"@type\":\"EntryPoint\",\"urlTemplate\":\"http:\/\/rusconi.law\/en\/?s={search_term_string}\"},\"query-input\":{\"@type\":\"PropertyValueSpecification\",\"valueRequired\":true,\"valueName\":\"search_term_string\"}}],\"inLanguage\":\"en-US\"},{\"@type\":\"Organization\",\"@id\":\"http:\/\/rusconi.law\/en\/#organization\",\"name\":\"RUSCONI & SAUZA Abogados\",\"url\":\"http:\/\/rusconi.law\/en\/\",\"logo\":{\"@type\":\"ImageObject\",\"inLanguage\":\"en-US\",\"@id\":\"http:\/\/rusconi.law\/en\/#\/schema\/logo\/image\/\",\"url\":\"http:\/\/www.rusconi.law\/wp-content\/uploads\/2023\/12\/logo-rusconisauza.png\",\"contentUrl\":\"http:\/\/www.rusconi.law\/wp-content\/uploads\/2023\/12\/logo-rusconisauza.png\",\"width\":133,\"height\":60,\"caption\":\"RUSCONI & SAUZA Abogados\"},\"image\":{\"@id\":\"http:\/\/rusconi.law\/en\/#\/schema\/logo\/image\/\"},\"sameAs\":[\"https:\/\/www.facebook.com\/profile.php?id=100063535032241\",\"https:\/\/www.linkedin.com\/company\/rusconi-abogados\/\"]}]}<\/script>\n<!-- \/ Yoast SEO plugin. -->","yoast_head_json":{"title":"Aviso de privacidad - RUSCONI &amp; SAUZA Abogados","robots":{"index":"index","follow":"follow","max-snippet":"max-snippet:-1","max-image-preview":"max-image-preview:large","max-video-preview":"max-video-preview:-1"},"canonical":"https:\/\/rusconi.law\/en\/aviso-de-privacidad\/","og_locale":"en_US","og_type":"article","og_title":"Aviso de privacidad - RUSCONI &amp; SAUZA Abogados","og_description":"Rusconi &amp; Sauza, S.C., con domicilio en Y\u00e1catas n\u00famero 215, colonia Narvarte Poniente, alcald\u00eda Benito Ju\u00e1rez, c\u00f3digo postal 03020, en la Ciudad de M\u00e9xico, es responsable de recabar sus datos personales as\u00ed como del uso que se le d\u00e9 a los mismos y de su protecci\u00f3n. Su informaci\u00f3n personal ser\u00e1 utilizada para proveer los servicios [&hellip;]","og_url":"https:\/\/rusconi.law\/en\/aviso-de-privacidad\/","og_site_name":"RUSCONI &amp; SAUZA Abogados","article_publisher":"https:\/\/www.facebook.com\/profile.php?id=100063535032241","article_modified_time":"2024-05-13T19:45:55+00:00","twitter_card":"summary_large_image","twitter_misc":{"Est. reading time":"3 minutes"},"schema":{"@context":"https:\/\/schema.org","@graph":[{"@type":"WebPage","@id":"https:\/\/rusconi.law\/aviso-de-privacidad\/","url":"https:\/\/rusconi.law\/aviso-de-privacidad\/","name":"Aviso de privacidad - RUSCONI &amp; SAUZA Abogados","isPartOf":{"@id":"http:\/\/rusconi.law\/en\/#website"},"datePublished":"2023-12-21T17:33:21+00:00","dateModified":"2024-05-13T19:45:55+00:00","breadcrumb":{"@id":"https:\/\/rusconi.law\/aviso-de-privacidad\/#breadcrumb"},"inLanguage":"en-US","potentialAction":[{"@type":"ReadAction","target":["https:\/\/rusconi.law\/aviso-de-privacidad\/"]}]},{"@type":"BreadcrumbList","@id":"https:\/\/rusconi.law\/aviso-de-privacidad\/#breadcrumb","itemListElement":[{"@type":"ListItem","position":1,"name":"Portada","item":"https:\/\/rusconi.law\/"},{"@type":"ListItem","position":2,"name":"Aviso de privacidad"}]},{"@type":"WebSite","@id":"http:\/\/rusconi.law\/en\/#website","url":"http:\/\/rusconi.law\/en\/","name":"RUSCONI & SAUZA Abogados","description":"","publisher":{"@id":"http:\/\/rusconi.law\/en\/#organization"},"potentialAction":[{"@type":"SearchAction","target":{"@type":"EntryPoint","urlTemplate":"http:\/\/rusconi.law\/en\/?s={search_term_string}"},"query-input":{"@type":"PropertyValueSpecification","valueRequired":true,"valueName":"search_term_string"}}],"inLanguage":"en-US"},{"@type":"Organization","@id":"http:\/\/rusconi.law\/en\/#organization","name":"RUSCONI & SAUZA Abogados","url":"http:\/\/rusconi.law\/en\/","logo":{"@type":"ImageObject","inLanguage":"en-US","@id":"http:\/\/rusconi.law\/en\/#\/schema\/logo\/image\/","url":"http:\/\/www.rusconi.law\/wp-content\/uploads\/2023\/12\/logo-rusconisauza.png","contentUrl":"http:\/\/www.rusconi.law\/wp-content\/uploads\/2023\/12\/logo-rusconisauza.png","width":133,"height":60,"caption":"RUSCONI & SAUZA Abogados"},"image":{"@id":"http:\/\/rusconi.law\/en\/#\/schema\/logo\/image\/"},"sameAs":["https:\/\/www.facebook.com\/profile.php?id=100063535032241","https:\/\/www.linkedin.com\/company\/rusconi-abogados\/"]}]}},"_links":{"self":[{"href":"https:\/\/rusconi.law\/en\/wp-json\/wp\/v2\/pages\/598"}],"collection":[{"href":"https:\/\/rusconi.law\/en\/wp-json\/wp\/v2\/pages"}],"about":[{"href":"https:\/\/rusconi.law\/en\/wp-json\/wp\/v2\/types\/page"}],"author":[{"embeddable":true,"href":"https:\/\/rusconi.law\/en\/wp-json\/wp\/v2\/users\/1"}],"replies":[{"embeddable":true,"href":"https:\/\/rusconi.law\/en\/wp-json\/wp\/v2\/comments?post=598"}],"version-history":[{"count":0,"href":"https:\/\/rusconi.law\/en\/wp-json\/wp\/v2\/pages\/598\/revisions"}],"wp:attachment":[{"href":"https:\/\/rusconi.law\/en\/wp-json\/wp\/v2\/media?parent=598"}],"curies":[{"name":"wp","href":"https:\/\/api.w.org\/{rel}","templated":true}]}}